{"id":11874,"date":"2021-04-30T08:01:29","date_gmt":"2021-04-30T05:01:29","guid":{"rendered":"https:\/\/new.arentrading.com\/a-propos-de-nous\/"},"modified":"2023-09-25T15:06:04","modified_gmt":"2023-09-25T12:06:04","slug":"a-propos-de-nous","status":"publish","type":"page","link":"https:\/\/arentrading.com\/fr\/a-propos-de-nous\/","title":{"rendered":"A propos de nous"},"content":{"rendered":"\t\t<div data-elementor-type=\"wp-page\" data-elementor-id=\"11874\" class=\"elementor elementor-11874 elementor-8251\" data-elementor-post-type=\"page\">\n\t\t\t\t\t\t\t<div class=\"elementor-element elementor-element-61a5a44 e-flex e-con-boxed e-con e-parent\" data-id=\"61a5a44\" data-element_type=\"container\" data-settings=\"{&quot;background_background&quot;:&quot;classic&quot;,&quot;container_type&quot;:&quot;flex&quot;,&quot;content_width&quot;:&quot;boxed&quot;}\" data-core-v316-plus=\"true\">\n\t\t\t\t\t<div class=\"e-con-inner\">\n\t\t\t\t\t<\/div>\n\t\t\t\t<\/div>\n\t\t<div class=\"elementor-element elementor-element-a9fc15e e-flex e-con-boxed e-con e-parent\" data-id=\"a9fc15e\" data-element_type=\"container\" data-settings=\"{&quot;container_type&quot;:&quot;flex&quot;,&quot;content_width&quot;:&quot;boxed&quot;}\" data-core-v316-plus=\"true\">\n\t\t\t\t\t<div class=\"e-con-inner\">\n\t\t<div class=\"elementor-element elementor-element-fcf962b e-con-full e-flex e-con e-child\" data-id=\"fcf962b\" data-element_type=\"container\" data-settings=\"{&quot;content_width&quot;:&quot;full&quot;,&quot;container_type&quot;:&quot;flex&quot;}\">\n\t\t\t\t<div class=\"elementor-element elementor-element-5ce7ea0 elementor-widget elementor-widget-image\" data-id=\"5ce7ea0\" data-element_type=\"widget\" data-widget_type=\"image.default\">\n\t\t\t\t<div class=\"elementor-widget-container\">\n\t\t\t<style>\/*! elementor - v3.16.0 - 13-09-2023 *\/\n.elementor-widget-image{text-align:center}.elementor-widget-image a{display:inline-block}.elementor-widget-image a img[src$=\".svg\"]{width:48px}.elementor-widget-image img{vertical-align:middle;display:inline-block}<\/style>\t\t\t\t\t\t\t\t\t\t\t\t<img loading=\"lazy\" decoding=\"async\" width=\"1200\" height=\"801\" src=\"https:\/\/arentrading.com\/wp-content\/uploads\/2023\/09\/about-4564.jpg\" class=\"attachment-full size-full wp-image-11781\" alt=\"\" srcset=\"https:\/\/arentrading.com\/wp-content\/uploads\/2023\/09\/about-4564.jpg 1200w, https:\/\/arentrading.com\/wp-content\/uploads\/2023\/09\/about-4564-300x200.jpg 300w, https:\/\/arentrading.com\/wp-content\/uploads\/2023\/09\/about-4564-1024x684.jpg 1024w, https:\/\/arentrading.com\/wp-content\/uploads\/2023\/09\/about-4564-768x513.jpg 768w\" sizes=\"auto, (max-width: 1200px) 100vw, 1200px\" \/>\t\t\t\t\t\t\t\t\t\t\t\t\t\t\t<\/div>\n\t\t\t\t<\/div>\n\t\t\t\t<\/div>\n\t\t<div class=\"elementor-element elementor-element-e3a5ef6 e-con-full e-flex e-con e-child\" data-id=\"e3a5ef6\" data-element_type=\"container\" data-settings=\"{&quot;content_width&quot;:&quot;full&quot;,&quot;background_background&quot;:&quot;classic&quot;,&quot;container_type&quot;:&quot;flex&quot;}\">\n\t\t\t\t<div class=\"elementor-element elementor-element-9b53e70 elementor-widget elementor-widget-text-editor\" data-id=\"9b53e70\" data-element_type=\"widget\" data-widget_type=\"text-editor.default\">\n\t\t\t\t<div class=\"elementor-widget-container\">\n\t\t\t<style>\/*! elementor - v3.16.0 - 13-09-2023 *\/\n.elementor-widget-text-editor.elementor-drop-cap-view-stacked .elementor-drop-cap{background-color:#69727d;color:#fff}.elementor-widget-text-editor.elementor-drop-cap-view-framed .elementor-drop-cap{color:#69727d;border:3px solid;background-color:transparent}.elementor-widget-text-editor:not(.elementor-drop-cap-view-default) .elementor-drop-cap{margin-top:8px}.elementor-widget-text-editor:not(.elementor-drop-cap-view-default) .elementor-drop-cap-letter{width:1em;height:1em}.elementor-widget-text-editor .elementor-drop-cap{float:left;text-align:center;line-height:1;font-size:50px}.elementor-widget-text-editor .elementor-drop-cap-letter{display:inline-block}<\/style>\t\t\t\t<p>L&rsquo;entreprise est strat\u00e9giquement situ\u00e9e \u00e0 Istanbul, en Turquie, dans une zone o\u00f9 l&rsquo;Europe rencontre l&rsquo;Asie et qui est tr\u00e8s proche g\u00e9ographiquement de l&rsquo;Afrique.<\/p>\n<p>Les entreprises qui travaillent avec nous adh\u00e8rent pleinement \u00e0 toutes les normes internationales et fournissent les meilleurs services pour se faire une place sur le march\u00e9 international hautement comp\u00e9titif.<\/p>\n<p>Notre succ\u00e8s repose sur nos r\u00e9seaux internationaux vastes et fiables, qui comprennent une base de partenaires et de clients \u00e0 travers le monde, et sur notre engagement \u00e0 respecter les normes de qualit\u00e9 ISO, que nous consid\u00e9rons comme une philosophie \u00e0 travers laquelle nous cherchons \u00e0 acc\u00e9der \u00e0 l&rsquo;information.<\/p>\n<p>Aren Trading est l&rsquo;une des soci\u00e9t\u00e9s du groupe Aren, un groupe d&rsquo;investissement turc de grande envergure, dont le si\u00e8ge se trouve \u00e0 Istanbul et qui poss\u00e8de des succursales dans plusieurs villes \u00e0 l&rsquo;int\u00e9rieur et \u00e0 l&rsquo;ext\u00e9rieur de la Turquie.<\/p>\n\t\t\t\t\t\t<\/div>\n\t\t\t\t<\/div>\n\t\t\t\t<\/div>\n\t\t\t\t\t<\/div>\n\t\t\t\t<\/div>\n\t\t<div class=\"elementor-element elementor-element-18eb8ed e-flex e-con-boxed e-con e-parent\" data-id=\"18eb8ed\" data-element_type=\"container\" data-settings=\"{&quot;background_background&quot;:&quot;classic&quot;,&quot;container_type&quot;:&quot;flex&quot;,&quot;content_width&quot;:&quot;boxed&quot;}\" data-core-v316-plus=\"true\">\n\t\t\t\t\t<div class=\"e-con-inner\">\n\t\t\t\t<div class=\"elementor-element elementor-element-46e5f36 elementor-widget elementor-widget-heading\" data-id=\"46e5f36\" data-element_type=\"widget\" data-widget_type=\"heading.default\">\n\t\t\t\t<div class=\"elementor-widget-container\">\n\t\t\t<style>\/*! elementor - v3.16.0 - 13-09-2023 *\/\n.elementor-heading-title{padding:0;margin:0;line-height:1}.elementor-widget-heading .elementor-heading-title[class*=elementor-size-]>a{color:inherit;font-size:inherit;line-height:inherit}.elementor-widget-heading .elementor-heading-title.elementor-size-small{font-size:15px}.elementor-widget-heading .elementor-heading-title.elementor-size-medium{font-size:19px}.elementor-widget-heading .elementor-heading-title.elementor-size-large{font-size:29px}.elementor-widget-heading .elementor-heading-title.elementor-size-xl{font-size:39px}.elementor-widget-heading .elementor-heading-title.elementor-size-xxl{font-size:59px}<\/style><h2 class=\"elementor-heading-title elementor-size-default\">VISION<\/h2>\t\t<\/div>\n\t\t\t\t<\/div>\n\t\t\t\t<div class=\"elementor-element elementor-element-ccbc1cb elementor-widget elementor-widget-heading\" data-id=\"ccbc1cb\" data-element_type=\"widget\" data-widget_type=\"heading.default\">\n\t\t\t\t<div class=\"elementor-widget-container\">\n\t\t\t<h2 class=\"elementor-heading-title elementor-size-default\">POUR \u00caTRE VOTRE MEILLEUR PARTENAIRE<\/h2>\t\t<\/div>\n\t\t\t\t<\/div>\n\t\t\t\t<div class=\"elementor-element elementor-element-e9301e1 elementor-widget elementor-widget-text-editor\" data-id=\"e9301e1\" data-element_type=\"widget\" data-widget_type=\"text-editor.default\">\n\t\t\t\t<div class=\"elementor-widget-container\">\n\t\t\t\t\t\t\tAren Trading s&rsquo;efforce d&rsquo;utiliser des prix comp\u00e9titifs et des services d&rsquo;exp\u00e9dition et de logistique \u00e9conomiques dans l&rsquo;ensemble de ses succursales afin d&rsquo;obtenir la satisfaction de ses clients.\n\n\t\t\t\t\t\t<\/div>\n\t\t\t\t<\/div>\n\t\t\t\t<div class=\"elementor-element elementor-element-6a01c74 elementor-widget elementor-widget-heading\" data-id=\"6a01c74\" data-element_type=\"widget\" data-widget_type=\"heading.default\">\n\t\t\t\t<div class=\"elementor-widget-container\">\n\t\t\t<h2 class=\"elementor-heading-title elementor-size-default\">Objectifs<\/h2>\t\t<\/div>\n\t\t\t\t<\/div>\n\t\t<div class=\"elementor-element elementor-element-5dd5622 e-flex e-con-boxed e-con e-child\" data-id=\"5dd5622\" data-element_type=\"container\" data-settings=\"{&quot;container_type&quot;:&quot;flex&quot;,&quot;content_width&quot;:&quot;boxed&quot;}\">\n\t\t\t\t\t<div class=\"e-con-inner\">\n\t\t<div class=\"elementor-element elementor-element-b8f32ce e-con-full e-flex e-con e-child\" data-id=\"b8f32ce\" data-element_type=\"container\" data-settings=\"{&quot;content_width&quot;:&quot;full&quot;,&quot;container_type&quot;:&quot;flex&quot;}\">\n\t\t\t\t<div class=\"elementor-element elementor-element-4f15751 elementor-widget elementor-widget-image\" data-id=\"4f15751\" data-element_type=\"widget\" data-widget_type=\"image.default\">\n\t\t\t\t<div class=\"elementor-widget-container\">\n\t\t\t\t\t\t\t\t\t\t\t\t\t\t\t<img loading=\"lazy\" decoding=\"async\" width=\"1200\" height=\"800\" src=\"https:\/\/arentrading.com\/wp-content\/uploads\/2023\/09\/hero0254.jpg\" class=\"attachment-full size-full wp-image-11753\" alt=\"\" srcset=\"https:\/\/arentrading.com\/wp-content\/uploads\/2023\/09\/hero0254.jpg 1200w, https:\/\/arentrading.com\/wp-content\/uploads\/2023\/09\/hero0254-300x200.jpg 300w, https:\/\/arentrading.com\/wp-content\/uploads\/2023\/09\/hero0254-1024x683.jpg 1024w, https:\/\/arentrading.com\/wp-content\/uploads\/2023\/09\/hero0254-768x512.jpg 768w\" sizes=\"auto, (max-width: 1200px) 100vw, 1200px\" \/>\t\t\t\t\t\t\t\t\t\t\t\t\t\t\t<\/div>\n\t\t\t\t<\/div>\n\t\t\t\t<\/div>\n\t\t<div class=\"elementor-element elementor-element-9284a2d e-flex e-con-boxed e-con e-child\" data-id=\"9284a2d\" data-element_type=\"container\" data-settings=\"{&quot;container_type&quot;:&quot;flex&quot;,&quot;content_width&quot;:&quot;boxed&quot;}\">\n\t\t\t\t\t<div class=\"e-con-inner\">\n\t\t\t\t<div class=\"elementor-element elementor-element-ab5fc52 elementor-widget elementor-widget-text-editor\" data-id=\"ab5fc52\" data-element_type=\"widget\" data-widget_type=\"text-editor.default\">\n\t\t\t\t<div class=\"elementor-widget-container\">\n\t\t\t\t\t\t\t<ul>\n<li>Fournir la meilleure qualit\u00e9 possible au prix le plus abordable.<\/li>\n<li>Innover des services et des produits distinctifs.<\/li>\n<li>Veiller \u00e0 l&rsquo;ex\u00e9cution pr\u00e9cise et opportune de tous les processus.<\/li>\n<li>Soutenir les entreprises \u00e9mergentes et moyennes dans la r\u00e9alisation de leurs objectifs.<\/li>\n<li>Gagner la confiance de nos clients.<\/li>\n<li>\u00c9largir notre client\u00e8le locale et mondiale.<\/li>\n<\/ul>\n\t\t\t\t\t\t<\/div>\n\t\t\t\t<\/div>\n\t\t\t\t\t<\/div>\n\t\t\t\t<\/div>\n\t\t\t\t\t<\/div>\n\t\t\t\t<\/div>\n\t\t\t\t\t<\/div>\n\t\t\t\t<\/div>\n\t\t<div class=\"elementor-element elementor-element-75b308b e-flex e-con-boxed e-con e-parent\" data-id=\"75b308b\" data-element_type=\"container\" data-settings=\"{&quot;container_type&quot;:&quot;flex&quot;,&quot;content_width&quot;:&quot;boxed&quot;}\" data-core-v316-plus=\"true\">\n\t\t\t\t\t<div class=\"e-con-inner\">\n\t\t\t\t<div class=\"elementor-element elementor-element-f862ee9 elementor-widget elementor-widget-heading\" data-id=\"f862ee9\" data-element_type=\"widget\" data-widget_type=\"heading.default\">\n\t\t\t\t<div class=\"elementor-widget-container\">\n\t\t\t<h2 class=\"elementor-heading-title elementor-size-default\">Pourquoi Aren Trading ?<\/h2>\t\t<\/div>\n\t\t\t\t<\/div>\n\t\t<div class=\"elementor-element elementor-element-b597783 e-flex e-con-boxed e-con e-child\" data-id=\"b597783\" data-element_type=\"container\" data-settings=\"{&quot;background_background&quot;:&quot;classic&quot;,&quot;container_type&quot;:&quot;flex&quot;,&quot;content_width&quot;:&quot;boxed&quot;}\">\n\t\t\t\t\t<div class=\"e-con-inner\">\n\t\t\t\t<div class=\"elementor-element elementor-element-4ef6575 elementor-view-default elementor-position-top elementor-mobile-position-top elementor-widget elementor-widget-icon-box\" data-id=\"4ef6575\" data-element_type=\"widget\" data-widget_type=\"icon-box.default\">\n\t\t\t\t<div class=\"elementor-widget-container\">\n\t\t\t<link rel=\"stylesheet\" href=\"https:\/\/arentrading.com\/wp-content\/plugins\/elementor\/assets\/css\/widget-icon-box-rtl.min.css\">\t\t<div class=\"elementor-icon-box-wrapper\">\n\t\t\t\t\t\t<div class=\"elementor-icon-box-icon\">\n\t\t\t\t<span  class=\"elementor-icon elementor-animation-\">\n\t\t\t\t<i aria-hidden=\"true\" class=\"fas fa-user-clock\"><\/i>\t\t\t\t<\/span>\n\t\t\t<\/div>\n\t\t\t\t\t\t<div class=\"elementor-icon-box-content\">\n\t\t\t\t<h3 class=\"elementor-icon-box-title\">\n\t\t\t\t\t<span  >\n\t\t\t\t\t\tLivraison rapide et s\u00fbre  \t\t\t\t\t<\/span>\n\t\t\t\t<\/h3>\n\t\t\t\t\t\t\t<\/div>\n\t\t<\/div>\n\t\t\t\t<\/div>\n\t\t\t\t<\/div>\n\t\t\t\t<div class=\"elementor-element elementor-element-be0ece3 elementor-view-default elementor-position-top elementor-mobile-position-top elementor-widget elementor-widget-icon-box\" data-id=\"be0ece3\" data-element_type=\"widget\" data-widget_type=\"icon-box.default\">\n\t\t\t\t<div class=\"elementor-widget-container\">\n\t\t\t\t\t<div class=\"elementor-icon-box-wrapper\">\n\t\t\t\t\t\t<div class=\"elementor-icon-box-icon\">\n\t\t\t\t<span  class=\"elementor-icon elementor-animation-\">\n\t\t\t\t<i aria-hidden=\"true\" class=\"fas fa-user-check\"><\/i>\t\t\t\t<\/span>\n\t\t\t<\/div>\n\t\t\t\t\t\t<div class=\"elementor-icon-box-content\">\n\t\t\t\t<h3 class=\"elementor-icon-box-title\">\n\t\t\t\t\t<span  >\n\t\t\t\t\t\tSoutien continu\t\t\t\t\t<\/span>\n\t\t\t\t<\/h3>\n\t\t\t\t\t\t\t<\/div>\n\t\t<\/div>\n\t\t\t\t<\/div>\n\t\t\t\t<\/div>\n\t\t\t\t<div class=\"elementor-element elementor-element-9f7e5b6 elementor-view-default elementor-position-top elementor-mobile-position-top elementor-widget elementor-widget-icon-box\" data-id=\"9f7e5b6\" data-element_type=\"widget\" data-widget_type=\"icon-box.default\">\n\t\t\t\t<div class=\"elementor-widget-container\">\n\t\t\t\t\t<div class=\"elementor-icon-box-wrapper\">\n\t\t\t\t\t\t<div class=\"elementor-icon-box-icon\">\n\t\t\t\t<span  class=\"elementor-icon elementor-animation-\">\n\t\t\t\t<i aria-hidden=\"true\" class=\"fas fa-user-shield\"><\/i>\t\t\t\t<\/span>\n\t\t\t<\/div>\n\t\t\t\t\t\t<div class=\"elementor-icon-box-content\">\n\t\t\t\t<h3 class=\"elementor-icon-box-title\">\n\t\t\t\t\t<span  >\n\t\t\t\t\t\tS\u00e9curit\u00e9 des produits\t\t\t\t\t<\/span>\n\t\t\t\t<\/h3>\n\t\t\t\t\t\t\t<\/div>\n\t\t<\/div>\n\t\t\t\t<\/div>\n\t\t\t\t<\/div>\n\t\t\t\t\t<\/div>\n\t\t\t\t<\/div>\n\t\t\t\t<div class=\"elementor-element elementor-element-e5a4708 elementor-widget elementor-widget-text-editor\" data-id=\"e5a4708\" data-element_type=\"widget\" data-widget_type=\"text-editor.default\">\n\t\t\t\t<div class=\"elementor-widget-container\">\n\t\t\t\t\t\t\t<p>Notre impressionnante exp\u00e9rience en mati\u00e8re de fourniture de produits manufactur\u00e9s repose sur la confiance durable que nous avons cultiv\u00e9e avec nos clients au fil des ans. Nous sommes d\u00e9termin\u00e9s \u00e0 gagner votre confiance en vous offrant constamment un service exceptionnel qui nous distingue des autres entreprises du secteur.<\/p>\n\t\t\t\t\t\t<\/div>\n\t\t\t\t<\/div>\n\t\t\t\t\t<\/div>\n\t\t\t\t<\/div>\n\t\t\t\t<section class=\"elementor-section elementor-top-section elementor-element elementor-element-a864748 elementor-section-stretched elementor-section-boxed elementor-section-height-default elementor-section-height-default\" data-id=\"a864748\" data-element_type=\"section\" data-settings=\"{&quot;stretch_section&quot;:&quot;section-stretched&quot;}\">\n\t\t\t\t\t\t<div class=\"elementor-container elementor-column-gap-default\">\n\t\t\t\t\t<div class=\"elementor-column elementor-col-50 elementor-top-column elementor-element elementor-element-9592c75\" data-id=\"9592c75\" data-element_type=\"column\">\n\t\t\t<div class=\"elementor-widget-wrap elementor-element-populated\">\n\t\t\t\t\t\t\t\t<div class=\"elementor-element elementor-element-ac65a59 elementor-widget elementor-widget-heading\" data-id=\"ac65a59\" data-element_type=\"widget\" data-widget_type=\"heading.default\">\n\t\t\t\t<div class=\"elementor-widget-container\">\n\t\t\t<h2 class=\"elementor-heading-title elementor-size-default\">L'\u00e9quipe<\/h2>\t\t<\/div>\n\t\t\t\t<\/div>\n\t\t\t\t<div class=\"elementor-element elementor-element-c0c57b5 elementor-widget elementor-widget-text-editor\" data-id=\"c0c57b5\" data-element_type=\"widget\" data-widget_type=\"text-editor.default\">\n\t\t\t\t<div class=\"elementor-widget-container\">\n\t\t\t\t\t\t\t<p>Aren Trading est dirig\u00e9 par une \u00e9quipe de professionnels tr\u00e8s exp\u00e9riment\u00e9s, pr\u00eats \u00e0 offrir des solutions efficaces et \u00e0 r\u00e9pondre \u00e0 toutes les exigences en mati\u00e8re de commerce international.<\/p>\n<p>L&rsquo;\u00e9quipe de travail d&rsquo;Aren Trading a l&rsquo;honneur de servir ses clients, de fournir des services, des conseils, des installations et de r\u00e9pondre. Nous serions honor\u00e9s de collaborer avec vous<\/p>\n\t\t\t\t\t\t<\/div>\n\t\t\t\t<\/div>\n\t\t\t\t\t<\/div>\n\t\t<\/div>\n\t\t\t\t<div class=\"elementor-column elementor-col-50 elementor-top-column elementor-element elementor-element-94c0eaa\" data-id=\"94c0eaa\" data-element_type=\"column\">\n\t\t\t<div class=\"elementor-widget-wrap elementor-element-populated\">\n\t\t\t\t\t\t\t\t<div class=\"elementor-element elementor-element-4145fa8 elementor-widget elementor-widget-heading\" data-id=\"4145fa8\" data-element_type=\"widget\" data-widget_type=\"heading.default\">\n\t\t\t\t<div class=\"elementor-widget-container\">\n\t\t\t<h2 class=\"elementor-heading-title elementor-size-default\">Client\u00e8le<\/h2>\t\t<\/div>\n\t\t\t\t<\/div>\n\t\t\t\t<div class=\"elementor-element elementor-element-82d587b elementor-widget elementor-widget-text-editor\" data-id=\"82d587b\" data-element_type=\"widget\" data-widget_type=\"text-editor.default\">\n\t\t\t\t<div class=\"elementor-widget-container\">\n\t\t\t\t\t\t\t<p>Nos clients rendent hommage \u00e0 nos services et veulent continuer \u00e0 collaborer avec nous pour ce qu&rsquo;ils ont trouv\u00e9 des services satisfaisants qui r\u00e9pondent \u00e0 leurs aspirations.<\/p>\n\t\t\t\t\t\t<\/div>\n\t\t\t\t<\/div>\n\t\t\t\t\t<\/div>\n\t\t<\/div>\n\t\t\t\t\t\t\t<\/div>\n\t\t<\/section>\n\t\t<div class=\"elementor-element elementor-element-513d23a e-flex e-con-boxed e-con e-parent\" data-id=\"513d23a\" data-element_type=\"container\" data-settings=\"{&quot;container_type&quot;:&quot;flex&quot;,&quot;content_width&quot;:&quot;boxed&quot;}\" data-core-v316-plus=\"true\">\n\t\t\t\t\t<div class=\"e-con-inner\">\n\t\t\t\t<div class=\"elementor-element elementor-element-b65efe6 elementor-widget elementor-widget-heading\" data-id=\"b65efe6\" data-element_type=\"widget\" data-widget_type=\"heading.default\">\n\t\t\t\t<div class=\"elementor-widget-container\">\n\t\t\t<h2 class=\"elementor-heading-title elementor-size-default\">Certificat<\/h2>\t\t<\/div>\n\t\t\t\t<\/div>\n\t\t<div class=\"elementor-element elementor-element-5fac614 e-flex e-con-boxed e-con e-child\" data-id=\"5fac614\" data-element_type=\"container\" data-settings=\"{&quot;container_type&quot;:&quot;flex&quot;,&quot;content_width&quot;:&quot;boxed&quot;}\">\n\t\t\t\t\t<div class=\"e-con-inner\">\n\t\t\t\t<div class=\"elementor-element elementor-element-0da0512 elementor-widget__width-initial elementor-widget elementor-widget-image\" data-id=\"0da0512\" data-element_type=\"widget\" data-widget_type=\"image.default\">\n\t\t\t\t<div class=\"elementor-widget-container\">\n\t\t\t\t\t\t\t\t\t\t\t\t\t\t\t\t<a href=\"https:\/\/arentrading.com\/wp-content\/uploads\/2022\/08\/GROUP-ISO.jpg\" data-elementor-open-lightbox=\"yes\" data-elementor-lightbox-title=\"GROUP-ISO\" data-e-action-hash=\"#elementor-action%3Aaction%3Dlightbox%26settings%3DeyJpZCI6MTE3NDUsInVybCI6Imh0dHBzOlwvXC9hcmVudHJhZGluZy5jb21cL3dwLWNvbnRlbnRcL3VwbG9hZHNcLzIwMjJcLzA4XC9HUk9VUC1JU08uanBnIn0%3D\">\n\t\t\t\t\t\t\t<img loading=\"lazy\" decoding=\"async\" width=\"730\" height=\"1024\" src=\"https:\/\/arentrading.com\/wp-content\/uploads\/2022\/08\/GROUP-ISO-730x1024.jpg\" class=\"attachment-large size-large wp-image-11745\" alt=\"\" srcset=\"https:\/\/arentrading.com\/wp-content\/uploads\/2022\/08\/GROUP-ISO-730x1024.jpg 730w, https:\/\/arentrading.com\/wp-content\/uploads\/2022\/08\/GROUP-ISO-214x300.jpg 214w, https:\/\/arentrading.com\/wp-content\/uploads\/2022\/08\/GROUP-ISO-768x1077.jpg 768w, https:\/\/arentrading.com\/wp-content\/uploads\/2022\/08\/GROUP-ISO.jpg 1000w\" sizes=\"auto, (max-width: 730px) 100vw, 730px\" \/>\t\t\t\t\t\t\t\t<\/a>\n\t\t\t\t\t\t\t\t\t\t\t\t\t\t\t<\/div>\n\t\t\t\t<\/div>\n\t\t\t\t<div class=\"elementor-element elementor-element-a47f138 elementor-widget__width-initial elementor-widget elementor-widget-image\" data-id=\"a47f138\" data-element_type=\"widget\" data-widget_type=\"image.default\">\n\t\t\t\t<div class=\"elementor-widget-container\">\n\t\t\t\t\t\t\t\t\t\t\t\t\t\t\t\t<a href=\"https:\/\/arentrading.com\/wp-content\/uploads\/2022\/08\/GROUP-ISO.jpg\" data-elementor-open-lightbox=\"yes\" data-elementor-lightbox-title=\"GROUP-ISO\" data-e-action-hash=\"#elementor-action%3Aaction%3Dlightbox%26settings%3DeyJpZCI6MTE3NDUsInVybCI6Imh0dHBzOlwvXC9hcmVudHJhZGluZy5jb21cL3dwLWNvbnRlbnRcL3VwbG9hZHNcLzIwMjJcLzA4XC9HUk9VUC1JU08uanBnIn0%3D\">\n\t\t\t\t\t\t\t<img loading=\"lazy\" decoding=\"async\" width=\"730\" height=\"1024\" src=\"https:\/\/arentrading.com\/wp-content\/uploads\/2022\/08\/GROUP-ISO-730x1024.jpg\" class=\"attachment-large size-large wp-image-11745\" alt=\"\" srcset=\"https:\/\/arentrading.com\/wp-content\/uploads\/2022\/08\/GROUP-ISO-730x1024.jpg 730w, https:\/\/arentrading.com\/wp-content\/uploads\/2022\/08\/GROUP-ISO-214x300.jpg 214w, https:\/\/arentrading.com\/wp-content\/uploads\/2022\/08\/GROUP-ISO-768x1077.jpg 768w, https:\/\/arentrading.com\/wp-content\/uploads\/2022\/08\/GROUP-ISO.jpg 1000w\" sizes=\"auto, (max-width: 730px) 100vw, 730px\" \/>\t\t\t\t\t\t\t\t<\/a>\n\t\t\t\t\t\t\t\t\t\t\t\t\t\t\t<\/div>\n\t\t\t\t<\/div>\n\t\t\t\t<div class=\"elementor-element elementor-element-8fdb803 elementor-widget__width-initial elementor-widget elementor-widget-image\" data-id=\"8fdb803\" data-element_type=\"widget\" data-widget_type=\"image.default\">\n\t\t\t\t<div class=\"elementor-widget-container\">\n\t\t\t\t\t\t\t\t\t\t\t\t\t\t\t\t<a href=\"https:\/\/arentrading.com\/wp-content\/uploads\/2022\/08\/GROUP-ISO.jpg\" data-elementor-open-lightbox=\"yes\" data-elementor-lightbox-title=\"GROUP-ISO\" data-e-action-hash=\"#elementor-action%3Aaction%3Dlightbox%26settings%3DeyJpZCI6MTE3NDUsInVybCI6Imh0dHBzOlwvXC9hcmVudHJhZGluZy5jb21cL3dwLWNvbnRlbnRcL3VwbG9hZHNcLzIwMjJcLzA4XC9HUk9VUC1JU08uanBnIn0%3D\">\n\t\t\t\t\t\t\t<img loading=\"lazy\" decoding=\"async\" width=\"730\" height=\"1024\" src=\"https:\/\/arentrading.com\/wp-content\/uploads\/2022\/08\/GROUP-ISO-730x1024.jpg\" class=\"attachment-large size-large wp-image-11745\" alt=\"\" srcset=\"https:\/\/arentrading.com\/wp-content\/uploads\/2022\/08\/GROUP-ISO-730x1024.jpg 730w, https:\/\/arentrading.com\/wp-content\/uploads\/2022\/08\/GROUP-ISO-214x300.jpg 214w, https:\/\/arentrading.com\/wp-content\/uploads\/2022\/08\/GROUP-ISO-768x1077.jpg 768w, https:\/\/arentrading.com\/wp-content\/uploads\/2022\/08\/GROUP-ISO.jpg 1000w\" sizes=\"auto, (max-width: 730px) 100vw, 730px\" \/>\t\t\t\t\t\t\t\t<\/a>\n\t\t\t\t\t\t\t\t\t\t\t\t\t\t\t<\/div>\n\t\t\t\t<\/div>\n\t\t\t\t\t<\/div>\n\t\t\t\t<\/div>\n\t\t\t\t\t<\/div>\n\t\t\t\t<\/div>\n\t\t\t\t\t\t\t<\/div>\n\t\t","protected":false},"excerpt":{"rendered":"<p>L&rsquo;entreprise est strat\u00e9giquement situ\u00e9e \u00e0 Istanbul, en Turquie, dans une zone o\u00f9 l&rsquo;Europe rencontre l&rsquo;Asie et qui est tr\u00e8s proche g\u00e9ographiquement de l&rsquo;Afrique. Les entreprises qui travaillent avec nous adh\u00e8rent pleinement \u00e0 toutes les normes internationales et fournissent les meilleurs services pour se faire une place sur le march\u00e9 international hautement comp\u00e9titif. Notre succ\u00e8s repose [&hellip;]<\/p>\n","protected":false},"author":1,"featured_media":0,"parent":0,"menu_order":0,"comment_status":"closed","ping_status":"closed","template":"","meta":{"footnotes":""},"class_list":["post-11874","page","type-page","status-publish","hentry"],"_links":{"self":[{"href":"https:\/\/arentrading.com\/fr\/wp-json\/wp\/v2\/pages\/11874","targetHints":{"allow":["GET"]}}],"collection":[{"href":"https:\/\/arentrading.com\/fr\/wp-json\/wp\/v2\/pages"}],"about":[{"href":"https:\/\/arentrading.com\/fr\/wp-json\/wp\/v2\/types\/page"}],"author":[{"embeddable":true,"href":"https:\/\/arentrading.com\/fr\/wp-json\/wp\/v2\/users\/1"}],"replies":[{"embeddable":true,"href":"https:\/\/arentrading.com\/fr\/wp-json\/wp\/v2\/comments?post=11874"}],"version-history":[{"count":7,"href":"https:\/\/arentrading.com\/fr\/wp-json\/wp\/v2\/pages\/11874\/revisions"}],"predecessor-version":[{"id":11963,"href":"https:\/\/arentrading.com\/fr\/wp-json\/wp\/v2\/pages\/11874\/revisions\/11963"}],"wp:attachment":[{"href":"https:\/\/arentrading.com\/fr\/wp-json\/wp\/v2\/media?parent=11874"}],"curies":[{"name":"wp","href":"https:\/\/api.w.org\/{rel}","templated":true}]}}