{"id":11903,"date":"2022-03-19T15:41:40","date_gmt":"2022-03-19T12:41:40","guid":{"rendered":"https:\/\/new.arentrading.com\/product\/materiel-agricole\/"},"modified":"2023-09-19T23:55:40","modified_gmt":"2023-09-19T20:55:40","slug":"materiel-agricole","status":"publish","type":"product","link":"https:\/\/arentrading.com\/fr\/product\/materiel-agricole\/","title":{"rendered":"Mat\u00e9riel agricole"},"content":{"rendered":"\n<p>Aren Trading dispose d&rsquo;une base d&rsquo;exportation pour les machines, les \u00e9quipements et les pi\u00e8ces d\u00e9tach\u00e9es agricoles. Nous vous fournissons toujours des \u00e9quipements de pointe et technologiquement avanc\u00e9s pour d\u00e9velopper la croissance de l&rsquo;agriculture et des cultures et garantir ainsi le succ\u00e8s continu du projet.<\/p>\n","protected":false},"excerpt":{"rendered":"<p>Aren Trading dispose d&rsquo;une base d&rsquo;exportation pour les machines, les \u00e9quipements et les pi\u00e8ces d\u00e9tach\u00e9es agricoles. Nous vous fournissons toujours des \u00e9quipements de pointe et technologiquement avanc\u00e9s pour d\u00e9velopper la croissance de l&rsquo;agriculture et des cultures et garantir ainsi le succ\u00e8s continu du projet.<\/p>\n","protected":false},"featured_media":11703,"template":"","categories":[],"class_list":["post-11903","product","type-product","status-publish","has-post-thumbnail","hentry"],"_links":{"self":[{"href":"https:\/\/arentrading.com\/fr\/wp-json\/wp\/v2\/product\/11903","targetHints":{"allow":["GET"]}}],"collection":[{"href":"https:\/\/arentrading.com\/fr\/wp-json\/wp\/v2\/product"}],"about":[{"href":"https:\/\/arentrading.com\/fr\/wp-json\/wp\/v2\/types\/product"}],"wp:featuredmedia":[{"embeddable":true,"href":"https:\/\/arentrading.com\/fr\/wp-json\/wp\/v2\/media\/11703"}],"wp:attachment":[{"href":"https:\/\/arentrading.com\/fr\/wp-json\/wp\/v2\/media?parent=11903"}],"wp:term":[{"taxonomy":"category","embeddable":true,"href":"https:\/\/arentrading.com\/fr\/wp-json\/wp\/v2\/categories?post=11903"}],"curies":[{"name":"wp","href":"https:\/\/api.w.org\/{rel}","templated":true}]}}