{"id":11905,"date":"2022-03-19T15:40:20","date_gmt":"2022-03-19T12:40:20","guid":{"rendered":"https:\/\/new.arentrading.com\/product\/marbre-naturel-et-marbre\/"},"modified":"2023-09-19T23:55:57","modified_gmt":"2023-09-19T20:55:57","slug":"marbre-naturel-et-marbre","status":"publish","type":"product","link":"https:\/\/arentrading.com\/fr\/product\/marbre-naturel-et-marbre\/","title":{"rendered":"Marbre naturel et marbre"},"content":{"rendered":"\n<p>La Turquie est l&rsquo;un des plus grands pays producteurs et exportateurs de toutes sortes de marbre. Selon des \u00e9tudes, la Turquie poss\u00e8de 44 % des r\u00e9serves mondiales de marbre.<\/p>\n\n<p>La Turquie est \u00e9galement le troisi\u00e8me exportateur mondial de pierres naturelles.<\/p>\n","protected":false},"excerpt":{"rendered":"<p>La Turquie est l&rsquo;un des plus grands pays producteurs et exportateurs de toutes sortes de marbre. Selon des \u00e9tudes, la Turquie poss\u00e8de 44 % des r\u00e9serves mondiales de marbre. La Turquie est \u00e9galement le troisi\u00e8me exportateur mondial de pierres naturelles.<\/p>\n","protected":false},"featured_media":11696,"template":"","categories":[],"class_list":["post-11905","product","type-product","status-publish","has-post-thumbnail","hentry"],"_links":{"self":[{"href":"https:\/\/arentrading.com\/fr\/wp-json\/wp\/v2\/product\/11905","targetHints":{"allow":["GET"]}}],"collection":[{"href":"https:\/\/arentrading.com\/fr\/wp-json\/wp\/v2\/product"}],"about":[{"href":"https:\/\/arentrading.com\/fr\/wp-json\/wp\/v2\/types\/product"}],"wp:featuredmedia":[{"embeddable":true,"href":"https:\/\/arentrading.com\/fr\/wp-json\/wp\/v2\/media\/11696"}],"wp:attachment":[{"href":"https:\/\/arentrading.com\/fr\/wp-json\/wp\/v2\/media?parent=11905"}],"wp:term":[{"taxonomy":"category","embeddable":true,"href":"https:\/\/arentrading.com\/fr\/wp-json\/wp\/v2\/categories?post=11905"}],"curies":[{"name":"wp","href":"https:\/\/api.w.org\/{rel}","templated":true}]}}