{"id":11909,"date":"2022-03-19T15:35:26","date_gmt":"2022-03-19T12:35:26","guid":{"rendered":"https:\/\/new.arentrading.com\/product\/materiaux-agricoles\/"},"modified":"2023-09-19T23:56:34","modified_gmt":"2023-09-19T20:56:34","slug":"materiaux-agricoles","status":"publish","type":"product","link":"https:\/\/arentrading.com\/fr\/product\/materiaux-agricoles\/","title":{"rendered":"Mat\u00e9riaux agricoles"},"content":{"rendered":"\n<p>La Turquie se distingue par l&rsquo;industrie et la fourniture d&rsquo;outils agricoles et v\u00e9t\u00e9rinaires qui r\u00e9pondent aux besoins locaux et internationaux. L&rsquo;industrie des machines de r\u00e9colte, des tracteurs et des syst\u00e8mes d&rsquo;irrigation est florissante en Turquie.<\/p>\n\n<p>Outre les m\u00e9dicaments v\u00e9t\u00e9rinaires, en raison du grand nombre de t\u00eates de b\u00e9tail et d&rsquo;animaux produits et utilis\u00e9s dans le pays, la Turquie est devenue une source importante d&rsquo;\u00e9changes de mat\u00e9riel et de machines agricoles et v\u00e9t\u00e9rinaires.<\/p>\n\n<h2 class=\"wp-block-heading\">Aren Trading pr\u00e9sente \u00e0 son tour :<\/h2>\n\n<ul class=\"wp-block-list\">\n<li>\u062a\u062c\u0627\u0631\u0629 \u0627\u0644\u062a\u062c\u0647\u064a\u0632\u0627\u062a \u0648\u0627\u0644\u0623\u062f\u0648\u0627\u062a \u0627\u0644\u0632\u0631\u0627\u0639\u064a\u0629\u060c \u0627\u0644\u0623\u0633\u0645\u062f\u0629 \u0648\u0627\u0644\u0628\u0630\u0648\u0631.<\/li>\n\n\n\n<li>\u0627\u0644\u0645\u0648\u0627\u062f \u0627\u0644\u0628\u064a\u0637\u0631\u064a\u0629 \u0648\u0644\u0648\u0627\u0632\u0645 \u0627\u0644\u062d\u064a\u0648\u0627\u0646\u0627\u062a \u0627\u0644\u0623\u0644\u064a\u0641\u0629.<\/li>\n<\/ul>\n","protected":false},"excerpt":{"rendered":"<p>La Turquie se distingue par l&rsquo;industrie et la fourniture d&rsquo;outils agricoles et v\u00e9t\u00e9rinaires qui r\u00e9pondent aux besoins locaux et internationaux. L&rsquo;industrie des machines de r\u00e9colte, des tracteurs et des syst\u00e8mes d&rsquo;irrigation est florissante en Turquie. Outre les m\u00e9dicaments v\u00e9t\u00e9rinaires, en raison du grand nombre de t\u00eates de b\u00e9tail et d&rsquo;animaux produits et utilis\u00e9s dans le [&hellip;]<\/p>\n","protected":false},"featured_media":11704,"template":"","categories":[],"class_list":["post-11909","product","type-product","status-publish","has-post-thumbnail","hentry"],"_links":{"self":[{"href":"https:\/\/arentrading.com\/fr\/wp-json\/wp\/v2\/product\/11909","targetHints":{"allow":["GET"]}}],"collection":[{"href":"https:\/\/arentrading.com\/fr\/wp-json\/wp\/v2\/product"}],"about":[{"href":"https:\/\/arentrading.com\/fr\/wp-json\/wp\/v2\/types\/product"}],"wp:featuredmedia":[{"embeddable":true,"href":"https:\/\/arentrading.com\/fr\/wp-json\/wp\/v2\/media\/11704"}],"wp:attachment":[{"href":"https:\/\/arentrading.com\/fr\/wp-json\/wp\/v2\/media?parent=11909"}],"wp:term":[{"taxonomy":"category","embeddable":true,"href":"https:\/\/arentrading.com\/fr\/wp-json\/wp\/v2\/categories?post=11909"}],"curies":[{"name":"wp","href":"https:\/\/api.w.org\/{rel}","templated":true}]}}