{"id":11910,"date":"2022-03-19T15:34:21","date_gmt":"2022-03-19T12:34:21","guid":{"rendered":"https:\/\/new.arentrading.com\/product\/machines-et-industrie\/"},"modified":"2023-09-19T23:56:49","modified_gmt":"2023-09-19T20:56:49","slug":"machines-et-industrie","status":"publish","type":"product","link":"https:\/\/arentrading.com\/fr\/product\/machines-et-industrie\/","title":{"rendered":"Machines et industrie"},"content":{"rendered":"\n<p>Les pays du monde entier se disputent le leadership dans le domaine des \u00e9quipements industriels, au premier rang desquels la Turquie, qui a su se faire une place dans le monde des \u00e9quipements et des lignes de production.<\/p>\n\n<h2 class=\"wp-block-heading\">Les principaux secteurs d&rsquo;activit\u00e9 propos\u00e9s par Aren Trading<\/h2>\n\n<ul class=\"wp-block-list\">\n<li>\u062a\u062c\u0627\u0631\u0629 \u0622\u0644\u0627\u062a \u0648\u062e\u0637\u0648\u0637 \u0627\u0644\u0625\u0646\u062a\u0627\u062c.<\/li>\n\n\n\n<li>\u0627\u0644\u0645\u0639\u062f\u0627\u062a \u0627\u0644\u0635\u0646\u0627\u0639\u064a\u0629 \u0648\u0644\u0648\u0627\u0632\u0645 \u0627\u0644\u0648\u0631\u0634.<\/li>\n<\/ul>\n","protected":false},"excerpt":{"rendered":"<p>Les pays du monde entier se disputent le leadership dans le domaine des \u00e9quipements industriels, au premier rang desquels la Turquie, qui a su se faire une place dans le monde des \u00e9quipements et des lignes de production. Les principaux secteurs d&rsquo;activit\u00e9 propos\u00e9s par Aren Trading<\/p>\n","protected":false},"featured_media":11695,"template":"","categories":[],"class_list":["post-11910","product","type-product","status-publish","has-post-thumbnail","hentry"],"_links":{"self":[{"href":"https:\/\/arentrading.com\/fr\/wp-json\/wp\/v2\/product\/11910","targetHints":{"allow":["GET"]}}],"collection":[{"href":"https:\/\/arentrading.com\/fr\/wp-json\/wp\/v2\/product"}],"about":[{"href":"https:\/\/arentrading.com\/fr\/wp-json\/wp\/v2\/types\/product"}],"wp:featuredmedia":[{"embeddable":true,"href":"https:\/\/arentrading.com\/fr\/wp-json\/wp\/v2\/media\/11695"}],"wp:attachment":[{"href":"https:\/\/arentrading.com\/fr\/wp-json\/wp\/v2\/media?parent=11910"}],"wp:term":[{"taxonomy":"category","embeddable":true,"href":"https:\/\/arentrading.com\/fr\/wp-json\/wp\/v2\/categories?post=11910"}],"curies":[{"name":"wp","href":"https:\/\/api.w.org\/{rel}","templated":true}]}}