{"id":11914,"date":"2022-03-19T15:28:48","date_gmt":"2022-03-19T12:28:48","guid":{"rendered":"https:\/\/new.arentrading.com\/product\/materiaux-de-construction\/"},"modified":"2023-09-19T23:57:24","modified_gmt":"2023-09-19T20:57:24","slug":"materiaux-de-construction","status":"publish","type":"product","link":"https:\/\/arentrading.com\/fr\/product\/materiaux-de-construction\/","title":{"rendered":"Mat\u00e9riaux de construction"},"content":{"rendered":"\n<p>La Turquie est l&rsquo;un des principaux exportateurs mondiaux de mat\u00e9riaux de construction vers de nombreux pays d&rsquo;Europe et du Moyen-Orient, o\u00f9 la demande ne cro\u00eet pas seulement au niveau local. Par cons\u00e9quent, l&rsquo;augmentation de la demande n&rsquo;est pas seulement locale, mais concerne \u00e9galement le march\u00e9 ext\u00e9rieur et international.<\/p>\n\n<p>Tout cela a fait de la Turquie un centre commercial important pour ce commerce. On trouve des usines de mat\u00e9riaux de construction dans plusieurs villes turques.<\/p>\n\n<p><strong>fournit <\/strong><strong> <\/strong><strong>Aren Trading <\/strong><strong> <\/strong><strong>vous<\/strong><strong><\/strong><\/p>\n\n<ul class=\"wp-block-list\">\n<li>\u062a\u062c\u0627\u0631\u0629 \u0645\u0648\u0627\u062f \u0627\u0644\u0625\u0646\u0634\u0627\u0621 \u0648\u0645\u0648\u0627\u062f \u0627\u0644\u0625\u0643\u0633\u0627\u0621 \u0627\u0644\u062f\u0627\u062e\u0644\u064a.<\/li>\n\n\n\n<li>\u0645\u0633\u062a\u0644\u0632\u0645\u0627\u062a \u0627\u0644\u0645\u0637\u0627\u0628\u062e \u0648\u0627\u0644\u062d\u0645\u0627\u0645\u0627\u062a.<\/li>\n<\/ul>\n\n<p>Mat\u00e9riel de voirie et de jardinage.<\/p>\n","protected":false},"excerpt":{"rendered":"<p>La Turquie est l&rsquo;un des principaux exportateurs mondiaux de mat\u00e9riaux de construction vers de nombreux pays d&rsquo;Europe et du Moyen-Orient, o\u00f9 la demande ne cro\u00eet pas seulement au niveau local. Par cons\u00e9quent, l&rsquo;augmentation de la demande n&rsquo;est pas seulement locale, mais concerne \u00e9galement le march\u00e9 ext\u00e9rieur et international. Tout cela a fait de la Turquie [&hellip;]<\/p>\n","protected":false},"featured_media":11693,"template":"","categories":[],"class_list":["post-11914","product","type-product","status-publish","has-post-thumbnail","hentry"],"_links":{"self":[{"href":"https:\/\/arentrading.com\/fr\/wp-json\/wp\/v2\/product\/11914","targetHints":{"allow":["GET"]}}],"collection":[{"href":"https:\/\/arentrading.com\/fr\/wp-json\/wp\/v2\/product"}],"about":[{"href":"https:\/\/arentrading.com\/fr\/wp-json\/wp\/v2\/types\/product"}],"wp:featuredmedia":[{"embeddable":true,"href":"https:\/\/arentrading.com\/fr\/wp-json\/wp\/v2\/media\/11693"}],"wp:attachment":[{"href":"https:\/\/arentrading.com\/fr\/wp-json\/wp\/v2\/media?parent=11914"}],"wp:term":[{"taxonomy":"category","embeddable":true,"href":"https:\/\/arentrading.com\/fr\/wp-json\/wp\/v2\/categories?post=11914"}],"curies":[{"name":"wp","href":"https:\/\/api.w.org\/{rel}","templated":true}]}}