{"id":11915,"date":"2022-03-19T15:27:49","date_gmt":"2022-03-19T12:27:49","guid":{"rendered":"https:\/\/new.arentrading.com\/product\/vetements-tissus-et-textiles\/"},"modified":"2023-09-19T23:57:31","modified_gmt":"2023-09-19T20:57:31","slug":"vetements-tissus-et-textiles","status":"publish","type":"product","link":"https:\/\/arentrading.com\/fr\/product\/vetements-tissus-et-textiles\/","title":{"rendered":"V\u00eatements, tissus et textiles"},"content":{"rendered":"\n<p>En Turquie, le commerce de l&rsquo;habillement et du textile est devenu r\u00e9cemment la destination de nombreux investisseurs. Les v\u00eatements turcs sont r\u00e9put\u00e9s pour leurs motifs renouvelables et vari\u00e9s, qui ont \u00e9t\u00e9 largement demand\u00e9s dans tous les pays, ainsi que pour la qualit\u00e9 des tissus utilis\u00e9s et disponibles en Turquie.<\/p>\n","protected":false},"excerpt":{"rendered":"<p>En Turquie, le commerce de l&rsquo;habillement et du textile est devenu r\u00e9cemment la destination de nombreux investisseurs. Les v\u00eatements turcs sont r\u00e9put\u00e9s pour leurs motifs renouvelables et vari\u00e9s, qui ont \u00e9t\u00e9 largement demand\u00e9s dans tous les pays, ainsi que pour la qualit\u00e9 des tissus utilis\u00e9s et disponibles en Turquie.<\/p>\n","protected":false},"featured_media":11708,"template":"","categories":[],"class_list":["post-11915","product","type-product","status-publish","has-post-thumbnail","hentry"],"_links":{"self":[{"href":"https:\/\/arentrading.com\/fr\/wp-json\/wp\/v2\/product\/11915","targetHints":{"allow":["GET"]}}],"collection":[{"href":"https:\/\/arentrading.com\/fr\/wp-json\/wp\/v2\/product"}],"about":[{"href":"https:\/\/arentrading.com\/fr\/wp-json\/wp\/v2\/types\/product"}],"wp:featuredmedia":[{"embeddable":true,"href":"https:\/\/arentrading.com\/fr\/wp-json\/wp\/v2\/media\/11708"}],"wp:attachment":[{"href":"https:\/\/arentrading.com\/fr\/wp-json\/wp\/v2\/media?parent=11915"}],"wp:term":[{"taxonomy":"category","embeddable":true,"href":"https:\/\/arentrading.com\/fr\/wp-json\/wp\/v2\/categories?post=11915"}],"curies":[{"name":"wp","href":"https:\/\/api.w.org\/{rel}","templated":true}]}}