{"id":11916,"date":"2022-03-19T15:27:07","date_gmt":"2022-03-19T12:27:07","guid":{"rendered":"https:\/\/new.arentrading.com\/product\/equipement-medical\/"},"modified":"2023-09-19T23:57:40","modified_gmt":"2023-09-19T20:57:40","slug":"equipement-medical","status":"publish","type":"product","link":"https:\/\/arentrading.com\/fr\/product\/equipement-medical\/","title":{"rendered":"\u00c9quipement m\u00e9dical"},"content":{"rendered":"\n<p>Les usines de fabrication d&rsquo;\u00e9quipements et d&rsquo;outils m\u00e9dicaux sont tr\u00e8s r\u00e9pandues en Turquie. La fabrication \u00e0 grande \u00e9chelle de ces \u00e9quipements a contribu\u00e9 au d\u00e9veloppement du secteur de la sant\u00e9 turc et a grandement aid\u00e9 au d\u00e9veloppement des traitements dans les h\u00f4pitaux turcs, tout en faisant du commerce de mat\u00e9riel et d&rsquo;appareils m\u00e9dicaux l&rsquo;une des activit\u00e9s les plus importantes du pays.<\/p>\n\n<p><strong>Les principaux dispositifs et mat\u00e9riaux propos\u00e9s par Aren Trading sont les suivants  <\/strong><strong><\/strong><\/p>\n\n<ul class=\"wp-block-list\">\n<li>\u0645\u0633\u062a\u0644\u0632\u0645\u0627\u062a \u062a\u0623\u062b\u064a\u062b \u0627\u0644\u0645\u0633\u062a\u0634\u0641\u064a\u0627\u062a.<\/li>\n\n\n\n<li>\u0645\u0633\u062a\u0644\u0632\u0645\u0627\u062a \u0627\u0644\u0631\u0639\u0627\u064a\u0629 \u0627\u0644\u0635\u062d\u064a\u0629.<\/li>\n\n\n\n<li>\u0643\u0627\u0641\u0629 \u0623\u062f\u0648\u0627\u062a \u0648\u0623\u062c\u0647\u0632\u0629 \u0627\u0644\u0637\u0628\u064a\u0628.<\/li>\n\n\n\n<li>\u0645\u0633\u062a\u0644\u0632\u0645\u0627\u062a \u0627\u0644\u0639\u064a\u0627\u062f\u0627\u062a \u0648\u062a\u0623\u062b\u064a\u062b \u0627\u0644\u0645\u0633\u062a\u0634\u0641\u064a\u0627\u062a.<\/li>\n<\/ul>\n","protected":false},"excerpt":{"rendered":"<p>Les usines de fabrication d&rsquo;\u00e9quipements et d&rsquo;outils m\u00e9dicaux sont tr\u00e8s r\u00e9pandues en Turquie. La fabrication \u00e0 grande \u00e9chelle de ces \u00e9quipements a contribu\u00e9 au d\u00e9veloppement du secteur de la sant\u00e9 turc et a grandement aid\u00e9 au d\u00e9veloppement des traitements dans les h\u00f4pitaux turcs, tout en faisant du commerce de mat\u00e9riel et d&rsquo;appareils m\u00e9dicaux l&rsquo;une des [&hellip;]<\/p>\n","protected":false},"featured_media":11697,"template":"","categories":[],"class_list":["post-11916","product","type-product","status-publish","has-post-thumbnail","hentry"],"_links":{"self":[{"href":"https:\/\/arentrading.com\/fr\/wp-json\/wp\/v2\/product\/11916","targetHints":{"allow":["GET"]}}],"collection":[{"href":"https:\/\/arentrading.com\/fr\/wp-json\/wp\/v2\/product"}],"about":[{"href":"https:\/\/arentrading.com\/fr\/wp-json\/wp\/v2\/types\/product"}],"wp:featuredmedia":[{"embeddable":true,"href":"https:\/\/arentrading.com\/fr\/wp-json\/wp\/v2\/media\/11697"}],"wp:attachment":[{"href":"https:\/\/arentrading.com\/fr\/wp-json\/wp\/v2\/media?parent=11916"}],"wp:term":[{"taxonomy":"category","embeddable":true,"href":"https:\/\/arentrading.com\/fr\/wp-json\/wp\/v2\/categories?post=11916"}],"curies":[{"name":"wp","href":"https:\/\/api.w.org\/{rel}","templated":true}]}}