{"id":11917,"date":"2022-03-19T15:25:56","date_gmt":"2022-03-19T12:25:56","guid":{"rendered":"https:\/\/new.arentrading.com\/product\/produits-alimentaires\/"},"modified":"2023-09-19T23:57:48","modified_gmt":"2023-09-19T20:57:48","slug":"produits-alimentaires","status":"publish","type":"product","link":"https:\/\/arentrading.com\/fr\/product\/produits-alimentaires\/","title":{"rendered":"Produits alimentaires"},"content":{"rendered":"\n<p>Le commerce alimentaire est l&rsquo;un des plus importants en Turquie, caract\u00e9ris\u00e9 par sa diversit\u00e9 et sa qualit\u00e9.<\/p>\n\n<p>Outre les prix convenables par rapport \u00e0 d&rsquo;autres pays et le fait que la Turquie est un producteur agricole de nombreux produits alimentaires, ces facteurs font de la Turquie un pays exportateur de denr\u00e9es alimentaires performant.<\/p>\n\n<h3 class=\"wp-block-heading\"><strong>offres<\/strong><strong> <\/strong><strong>Aren Trading<\/strong><strong> <\/strong><strong>une vari\u00e9t\u00e9 de produits, y compris diverses marques turques comme ci-dessous<\/strong><strong>:<\/strong><\/h3>\n\n<ul class=\"wp-block-list\"><li>Eau et jus<\/li><li>Bo\u00eetes de conserve<\/li><li>Noix<\/li><li>Huiles<\/li><li>Produits d&rsquo;origine animale, viande et poisson<\/li><li>Les l\u00e9gumineuses et les c\u00e9r\u00e9ales sont les plus importantes d&rsquo;entre elles :<\/li><li>Riz<\/li><\/ul>\n\n<p>Nous proposons du riz avec une vari\u00e9t\u00e9 d&rsquo;options de prix, diff\u00e9rents types d&#8217;emballage (plastique, coton, PP, jute, papier lamin\u00e9), disponible dans des emballages de 1kg \u00e0 50kg.<\/p>\n\n<h3 class=\"wp-block-heading\">Fruits et l\u00e9gumes frais<\/h3>\n\n<p>Aren Trading est un importateur et fournisseur international de fruits et l\u00e9gumes. Nous sommes pr\u00e9sents dans toute l&rsquo;Europe et entretenons d&rsquo;excellentes relations avec les agriculteurs, les fournisseurs et un grand nombre de personnes influentes tout au long de la cha\u00eene alimentaire.<\/p>\n\n<p>La cl\u00e9 de notre activit\u00e9 est d&rsquo;entretenir d&rsquo;excellentes relations avec les bonnes personnes afin d&rsquo;obtenir les meilleurs produits pour nos clients.<\/p>\n","protected":false},"excerpt":{"rendered":"<p>Le commerce alimentaire est l&rsquo;un des plus importants en Turquie, caract\u00e9ris\u00e9 par sa diversit\u00e9 et sa qualit\u00e9. Outre les prix convenables par rapport \u00e0 d&rsquo;autres pays et le fait que la Turquie est un producteur agricole de nombreux produits alimentaires, ces facteurs font de la Turquie un pays exportateur de denr\u00e9es alimentaires performant. offres Aren [&hellip;]<\/p>\n","protected":false},"featured_media":11692,"template":"","categories":[],"class_list":["post-11917","product","type-product","status-publish","has-post-thumbnail","hentry"],"_links":{"self":[{"href":"https:\/\/arentrading.com\/fr\/wp-json\/wp\/v2\/product\/11917","targetHints":{"allow":["GET"]}}],"collection":[{"href":"https:\/\/arentrading.com\/fr\/wp-json\/wp\/v2\/product"}],"about":[{"href":"https:\/\/arentrading.com\/fr\/wp-json\/wp\/v2\/types\/product"}],"wp:featuredmedia":[{"embeddable":true,"href":"https:\/\/arentrading.com\/fr\/wp-json\/wp\/v2\/media\/11692"}],"wp:attachment":[{"href":"https:\/\/arentrading.com\/fr\/wp-json\/wp\/v2\/media?parent=11917"}],"wp:term":[{"taxonomy":"category","embeddable":true,"href":"https:\/\/arentrading.com\/fr\/wp-json\/wp\/v2\/categories?post=11917"}],"curies":[{"name":"wp","href":"https:\/\/api.w.org\/{rel}","templated":true}]}}