{"id":9812,"date":"2022-03-19T15:42:19","date_gmt":"2022-03-19T12:42:19","guid":{"rendered":"https:\/\/arentrading.com\/product\/araba-aksesuarlari\/"},"modified":"2022-04-28T22:56:36","modified_gmt":"2022-04-28T19:56:36","slug":"araba-aksesuarlari","status":"publish","type":"product","link":"https:\/\/arentrading.com\/tr\/product\/araba-aksesuarlari\/","title":{"rendered":"Araba Aksesuarlar\u0131"},"content":{"rendered":"\n<p>T\u00fcrkiye, araba aksesuarlar\u0131 ve onunla ilgili her \u015fey alan\u0131nda, m\u00fckemmelli\u011fi ile bilinen \u00fclkelerden biridir ve bunun i\u00e7in T\u00fcrkiye pazar\u0131nda bir\u00e7ok araba aksesuar\u0131 tedarik\u00e7isi bulabilirsiniz.<\/p>\n\n\n\n<p>Aren Trading size araba aksesuarlar\u0131 sa\u011flar y\u00fcksek kalite ve rakipsiz fiyatlar.<\/p>\n","protected":false},"excerpt":{"rendered":"<p>T\u00fcrkiye, araba aksesuarlar\u0131 ve onunla ilgili her \u015fey alan\u0131nda, m\u00fckemmelli\u011fi ile bilinen \u00fclkelerden biridir ve bunun i\u00e7in T\u00fcrkiye pazar\u0131nda bir\u00e7ok araba aksesuar\u0131 tedarik\u00e7isi bulabilirsiniz. Aren Trading size araba aksesuarlar\u0131 sa\u011flar y\u00fcksek kalite ve rakipsiz fiyatlar.<\/p>\n","protected":false},"featured_media":9152,"template":"","categories":[],"class_list":["post-9812","product","type-product","status-publish","has-post-thumbnail","hentry"],"_links":{"self":[{"href":"https:\/\/arentrading.com\/tr\/wp-json\/wp\/v2\/product\/9812","targetHints":{"allow":["GET"]}}],"collection":[{"href":"https:\/\/arentrading.com\/tr\/wp-json\/wp\/v2\/product"}],"about":[{"href":"https:\/\/arentrading.com\/tr\/wp-json\/wp\/v2\/types\/product"}],"wp:featuredmedia":[{"embeddable":true,"href":"https:\/\/arentrading.com\/tr\/wp-json\/wp\/v2\/media\/9152"}],"wp:attachment":[{"href":"https:\/\/arentrading.com\/tr\/wp-json\/wp\/v2\/media?parent=9812"}],"wp:term":[{"taxonomy":"category","embeddable":true,"href":"https:\/\/arentrading.com\/tr\/wp-json\/wp\/v2\/categories?post=9812"}],"curies":[{"name":"wp","href":"https:\/\/api.w.org\/{rel}","templated":true}]}}