{"id":9813,"date":"2022-03-19T15:41:40","date_gmt":"2022-03-19T12:41:40","guid":{"rendered":"https:\/\/arentrading.com\/product\/tarim-ekipmanlari\/"},"modified":"2022-04-20T01:39:01","modified_gmt":"2022-04-19T22:39:01","slug":"tarim-ekipmanlari","status":"publish","type":"product","link":"https:\/\/arentrading.com\/tr\/product\/tarim-ekipmanlari\/","title":{"rendered":"Tar\u0131m Ekipmanlar\u0131"},"content":{"rendered":"\n<p>Aren Trading, tar\u0131m makine, ekipman ve yedek par\u00e7a ihracat \u00fcss\u00fcne sahiptir. Tar\u0131msal faaliyeti geli\u015ftirmek, verimi art\u0131rmak ve b\u00f6ylece projenin ba\u015far\u0131s\u0131n\u0131n s\u00fcreklili\u011fini sa\u011flamak i\u00e7in size her zaman geli\u015fmi\u015f ve teknolojik olarak geli\u015fmi\u015f cihazlar sunuyoruz.<\/p>\n","protected":false},"excerpt":{"rendered":"<p>Aren Trading, tar\u0131m makine, ekipman ve yedek par\u00e7a ihracat \u00fcss\u00fcne sahiptir. Tar\u0131msal faaliyeti geli\u015ftirmek, verimi art\u0131rmak ve b\u00f6ylece projenin ba\u015far\u0131s\u0131n\u0131n s\u00fcreklili\u011fini sa\u011flamak i\u00e7in size her zaman geli\u015fmi\u015f ve teknolojik olarak geli\u015fmi\u015f cihazlar sunuyoruz.<\/p>\n","protected":false},"featured_media":9143,"template":"","categories":[],"class_list":["post-9813","product","type-product","status-publish","has-post-thumbnail","hentry"],"_links":{"self":[{"href":"https:\/\/arentrading.com\/tr\/wp-json\/wp\/v2\/product\/9813","targetHints":{"allow":["GET"]}}],"collection":[{"href":"https:\/\/arentrading.com\/tr\/wp-json\/wp\/v2\/product"}],"about":[{"href":"https:\/\/arentrading.com\/tr\/wp-json\/wp\/v2\/types\/product"}],"wp:featuredmedia":[{"embeddable":true,"href":"https:\/\/arentrading.com\/tr\/wp-json\/wp\/v2\/media\/9143"}],"wp:attachment":[{"href":"https:\/\/arentrading.com\/tr\/wp-json\/wp\/v2\/media?parent=9813"}],"wp:term":[{"taxonomy":"category","embeddable":true,"href":"https:\/\/arentrading.com\/tr\/wp-json\/wp\/v2\/categories?post=9813"}],"curies":[{"name":"wp","href":"https:\/\/api.w.org\/{rel}","templated":true}]}}