{"id":9814,"date":"2022-03-19T15:40:59","date_gmt":"2022-03-19T12:40:59","guid":{"rendered":"https:\/\/arentrading.com\/product\/otomobil-parcalari\/"},"modified":"2022-04-28T22:56:42","modified_gmt":"2022-04-28T19:56:42","slug":"otomobil-parcalari","status":"publish","type":"product","link":"https:\/\/arentrading.com\/tr\/product\/otomobil-parcalari\/","title":{"rendered":"Otomobil Par\u00e7alar\u0131"},"content":{"rendered":"\n<p>T\u00fcrkiye&#8217;de otomobil par\u00e7alar\u0131 sekt\u00f6r\u00fcnde, kendilerine olan yo\u011fun ve s\u00fcrekli talep nedeniyle bir\u00e7ok \u015firket \u00e7al\u0131\u015f\u0131yor.<\/p>\n\n\n\n<p>Bu nedenle, y\u00fcksek kalitesi ve herkese uygun fiyatlar\u0131 nedeniyle bu sekt\u00f6r Arap d\u00fcnyas\u0131nda \u00e7ok pop\u00fcler oldu\u011fundan, T\u00fcrkiye&#8217;den otomobil par\u00e7alar\u0131 ithal etmek en ba\u015far\u0131l\u0131 projelerden biridir.<\/p>\n\n\n\n<p>Aren Trading, otomobil par\u00e7as\u0131 piyasas\u0131nda i\u015flem yapman\u0131z\u0131 kolayla\u015ft\u0131r\u0131r, uzmanl\u0131\u011f\u0131n\u0131 sizin elinize al\u0131r, b\u00f6ylece ba\u015f\u0131n\u0131z derde girmez.<\/p>\n","protected":false},"excerpt":{"rendered":"<p>T\u00fcrkiye&#8217;de otomobil par\u00e7alar\u0131 sekt\u00f6r\u00fcnde, kendilerine olan yo\u011fun ve s\u00fcrekli talep nedeniyle bir\u00e7ok \u015firket \u00e7al\u0131\u015f\u0131yor. Bu nedenle, y\u00fcksek kalitesi ve herkese uygun fiyatlar\u0131 nedeniyle bu sekt\u00f6r Arap d\u00fcnyas\u0131nda \u00e7ok pop\u00fcler oldu\u011fundan, T\u00fcrkiye&#8217;den otomobil par\u00e7alar\u0131 ithal etmek en ba\u015far\u0131l\u0131 projelerden biridir. Aren Trading, otomobil par\u00e7as\u0131 piyasas\u0131nda i\u015flem yapman\u0131z\u0131 kolayla\u015ft\u0131r\u0131r, uzmanl\u0131\u011f\u0131n\u0131 sizin elinize al\u0131r, b\u00f6ylece ba\u015f\u0131n\u0131z derde girmez.<\/p>\n","protected":false},"featured_media":9134,"template":"","categories":[],"class_list":["post-9814","product","type-product","status-publish","has-post-thumbnail","hentry"],"_links":{"self":[{"href":"https:\/\/arentrading.com\/tr\/wp-json\/wp\/v2\/product\/9814","targetHints":{"allow":["GET"]}}],"collection":[{"href":"https:\/\/arentrading.com\/tr\/wp-json\/wp\/v2\/product"}],"about":[{"href":"https:\/\/arentrading.com\/tr\/wp-json\/wp\/v2\/types\/product"}],"wp:featuredmedia":[{"embeddable":true,"href":"https:\/\/arentrading.com\/tr\/wp-json\/wp\/v2\/media\/9134"}],"wp:attachment":[{"href":"https:\/\/arentrading.com\/tr\/wp-json\/wp\/v2\/media?parent=9814"}],"wp:term":[{"taxonomy":"category","embeddable":true,"href":"https:\/\/arentrading.com\/tr\/wp-json\/wp\/v2\/categories?post=9814"}],"curies":[{"name":"wp","href":"https:\/\/api.w.org\/{rel}","templated":true}]}}