{"id":9815,"date":"2022-03-19T15:40:20","date_gmt":"2022-03-19T12:40:20","guid":{"rendered":"https:\/\/arentrading.com\/product\/dogal-kaymaktasi-ve-mermer\/"},"modified":"2022-04-28T22:56:52","modified_gmt":"2022-04-28T19:56:52","slug":"dogal-kaymaktasi-ve-mermer","status":"publish","type":"product","link":"https:\/\/arentrading.com\/tr\/product\/dogal-kaymaktasi-ve-mermer\/","title":{"rendered":"Do\u011fal Kaymakta\u015f\u0131 Ve Mermer"},"content":{"rendered":"\n<p>T\u00fcrkiye her t\u00fcrl\u00fc mermerin en b\u00fcy\u00fck \u00fcretici ve ihracat\u00e7\u0131lar\u0131ndan biridir. Ara\u015ft\u0131rmalara g\u00f6re T\u00fcrkiye mermer rezervlerinin oran\u0131 T\u00fcrkiye&#8217;deki d\u00fcnya rezervlerinin %44&#8217;\u00fcne ula\u015fmaktad\u0131r.<\/p>\n\n\n\n<p>T\u00fcrkiye ayn\u0131 zamanda d\u00fcnyan\u0131n en b\u00fcy\u00fck \u00fc\u00e7\u00fcnc\u00fc do\u011fal ta\u015f ihracat\u00e7\u0131s\u0131d\u0131r.<\/p>\n","protected":false},"excerpt":{"rendered":"<p>T\u00fcrkiye her t\u00fcrl\u00fc mermerin en b\u00fcy\u00fck \u00fcretici ve ihracat\u00e7\u0131lar\u0131ndan biridir. Ara\u015ft\u0131rmalara g\u00f6re T\u00fcrkiye mermer rezervlerinin oran\u0131 T\u00fcrkiye&#8217;deki d\u00fcnya rezervlerinin %44&#8217;\u00fcne ula\u015fmaktad\u0131r. T\u00fcrkiye ayn\u0131 zamanda d\u00fcnyan\u0131n en b\u00fcy\u00fck \u00fc\u00e7\u00fcnc\u00fc do\u011fal ta\u015f ihracat\u00e7\u0131s\u0131d\u0131r.<\/p>\n","protected":false},"featured_media":9122,"template":"","categories":[],"class_list":["post-9815","product","type-product","status-publish","has-post-thumbnail","hentry"],"_links":{"self":[{"href":"https:\/\/arentrading.com\/tr\/wp-json\/wp\/v2\/product\/9815","targetHints":{"allow":["GET"]}}],"collection":[{"href":"https:\/\/arentrading.com\/tr\/wp-json\/wp\/v2\/product"}],"about":[{"href":"https:\/\/arentrading.com\/tr\/wp-json\/wp\/v2\/types\/product"}],"wp:featuredmedia":[{"embeddable":true,"href":"https:\/\/arentrading.com\/tr\/wp-json\/wp\/v2\/media\/9122"}],"wp:attachment":[{"href":"https:\/\/arentrading.com\/tr\/wp-json\/wp\/v2\/media?parent=9815"}],"wp:term":[{"taxonomy":"category","embeddable":true,"href":"https:\/\/arentrading.com\/tr\/wp-json\/wp\/v2\/categories?post=9815"}],"curies":[{"name":"wp","href":"https:\/\/api.w.org\/{rel}","templated":true}]}}