{"id":9819,"date":"2022-03-19T15:35:26","date_gmt":"2022-03-19T12:35:26","guid":{"rendered":"https:\/\/arentrading.com\/product\/tarim-ve-veteriner-malzemeleri\/"},"modified":"2022-04-20T01:38:24","modified_gmt":"2022-04-19T22:38:24","slug":"tarim-ve-veteriner-malzemeleri","status":"publish","type":"product","link":"https:\/\/arentrading.com\/tr\/product\/tarim-ve-veteriner-malzemeleri\/","title":{"rendered":"Tar\u0131m ve veteriner malzemeleri"},"content":{"rendered":"\n<p>T\u00fcrkiye, yerel ve k\u00fcresel ihtiya\u00e7lar\u0131 kar\u015f\u0131layan tar\u0131m ve veterinerlik aletlerinin \u00fcretimi ve sigortas\u0131 ile \u00f6ne \u00e7\u0131kmaktad\u0131r. T\u00fcrkiye&#8217;de her t\u00fcrl\u00fc hasat makinesi, trakt\u00f6r ve her t\u00fcrl\u00fc sulama sistemleri sanayisi,<\/p>\n\n\n\n<p>hayvanc\u0131l\u0131\u011f\u0131n \u00e7ok say\u0131da olmas\u0131, hayvan ve evcil hayvan \u00fcretmesi sonucu veteriner ila\u00e7lar\u0131n\u0131n yan\u0131 s\u0131ra geli\u015fiyor. T\u00fcm bunlar T\u00fcrkiye&#8217;yi ticaret i\u00e7in \u00f6nemli bir kaynak haline getirdi. tar\u0131m ve veterinerlik malzemeleri ve makinelerinde.<\/p>\n\n\n\n<h2 class=\"wp-block-heading\">Buna kar\u015f\u0131l\u0131k Aren Trading<\/h2>\n\n\n\n<ul class=\"wp-block-list\"><li>tar\u0131msal ekipman ve aletlerin, g\u00fcbrelerin ve tohumlar\u0131n ticaretini sa\u011flar.<\/li><li>Veteriner malzemeleri ve evcil hayvan malzemeleri.<\/li><\/ul>\n","protected":false},"excerpt":{"rendered":"<p>T\u00fcrkiye, yerel ve k\u00fcresel ihtiya\u00e7lar\u0131 kar\u015f\u0131layan tar\u0131m ve veterinerlik aletlerinin \u00fcretimi ve sigortas\u0131 ile \u00f6ne \u00e7\u0131kmaktad\u0131r. T\u00fcrkiye&#8217;de her t\u00fcrl\u00fc hasat makinesi, trakt\u00f6r ve her t\u00fcrl\u00fc sulama sistemleri sanayisi, hayvanc\u0131l\u0131\u011f\u0131n \u00e7ok say\u0131da olmas\u0131, hayvan ve evcil hayvan \u00fcretmesi sonucu veteriner ila\u00e7lar\u0131n\u0131n yan\u0131 s\u0131ra geli\u015fiyor. T\u00fcm bunlar T\u00fcrkiye&#8217;yi ticaret i\u00e7in \u00f6nemli bir kaynak haline getirdi. tar\u0131m ve [&hellip;]<\/p>\n","protected":false},"featured_media":9146,"template":"","categories":[],"class_list":["post-9819","product","type-product","status-publish","has-post-thumbnail","hentry"],"_links":{"self":[{"href":"https:\/\/arentrading.com\/tr\/wp-json\/wp\/v2\/product\/9819","targetHints":{"allow":["GET"]}}],"collection":[{"href":"https:\/\/arentrading.com\/tr\/wp-json\/wp\/v2\/product"}],"about":[{"href":"https:\/\/arentrading.com\/tr\/wp-json\/wp\/v2\/types\/product"}],"wp:featuredmedia":[{"embeddable":true,"href":"https:\/\/arentrading.com\/tr\/wp-json\/wp\/v2\/media\/9146"}],"wp:attachment":[{"href":"https:\/\/arentrading.com\/tr\/wp-json\/wp\/v2\/media?parent=9819"}],"wp:term":[{"taxonomy":"category","embeddable":true,"href":"https:\/\/arentrading.com\/tr\/wp-json\/wp\/v2\/categories?post=9819"}],"curies":[{"name":"wp","href":"https:\/\/api.w.org\/{rel}","templated":true}]}}