{"id":9822,"date":"2022-03-19T15:34:21","date_gmt":"2022-03-19T12:34:21","guid":{"rendered":"https:\/\/arentrading.com\/product\/endustriyel-makine-ve-malzemeler\/"},"modified":"2022-04-20T01:48:00","modified_gmt":"2022-04-19T22:48:00","slug":"endustriyel-makine-ve-malzemeler","status":"publish","type":"product","link":"https:\/\/arentrading.com\/tr\/product\/endustriyel-makine-ve-malzemeler\/","title":{"rendered":"End\u00fcstriyel Makine"},"content":{"rendered":"\n<p>D\u00fcnyan\u0131n End\u00fcstriyel Ekipmanlar\u0131 sanayii ekipmanlar\u0131 alan\u0131nda yar\u0131\u015f\u0131yor, bu \u00fclkelerin en \u00f6nemlisi, ekipman ve \u00fcretim hatt\u0131ndaki markas\u0131n\u0131 geli\u015ftirebilen T\u00fcrkiye&#8217;nin T\u00fcrkiye&#8217;dir.<\/p>\n\n\n\n<h2 class=\"wp-block-heading\">Aren ticareti taraf\u0131ndan sunulan en \u00f6nemli end\u00fcstriler<\/h2>\n\n\n\n<ul class=\"wp-block-list\"><li>Ticaret makineleri ve \u00fcretim hatlar\u0131.<\/li><li>Sanayi \u00fcr\u00fcnleri ve at\u00f6lyeleri.<\/li><\/ul>\n","protected":false},"excerpt":{"rendered":"<p>D\u00fcnyan\u0131n End\u00fcstriyel Ekipmanlar\u0131 sanayii ekipmanlar\u0131 alan\u0131nda yar\u0131\u015f\u0131yor, bu \u00fclkelerin en \u00f6nemlisi, ekipman ve \u00fcretim hatt\u0131ndaki markas\u0131n\u0131 geli\u015ftirebilen T\u00fcrkiye&#8217;nin T\u00fcrkiye&#8217;dir. Aren ticareti taraf\u0131ndan sunulan en \u00f6nemli end\u00fcstriler Ticaret makineleri ve \u00fcretim hatlar\u0131. Sanayi \u00fcr\u00fcnleri ve at\u00f6lyeleri.<\/p>\n","protected":false},"featured_media":9119,"template":"","categories":[],"class_list":["post-9822","product","type-product","status-publish","has-post-thumbnail","hentry"],"_links":{"self":[{"href":"https:\/\/arentrading.com\/tr\/wp-json\/wp\/v2\/product\/9822","targetHints":{"allow":["GET"]}}],"collection":[{"href":"https:\/\/arentrading.com\/tr\/wp-json\/wp\/v2\/product"}],"about":[{"href":"https:\/\/arentrading.com\/tr\/wp-json\/wp\/v2\/types\/product"}],"wp:featuredmedia":[{"embeddable":true,"href":"https:\/\/arentrading.com\/tr\/wp-json\/wp\/v2\/media\/9119"}],"wp:attachment":[{"href":"https:\/\/arentrading.com\/tr\/wp-json\/wp\/v2\/media?parent=9822"}],"wp:term":[{"taxonomy":"category","embeddable":true,"href":"https:\/\/arentrading.com\/tr\/wp-json\/wp\/v2\/categories?post=9822"}],"curies":[{"name":"wp","href":"https:\/\/api.w.org\/{rel}","templated":true}]}}