{"id":9823,"date":"2022-03-19T15:29:36","date_gmt":"2022-03-19T12:29:36","guid":{"rendered":"https:\/\/arentrading.com\/product\/mobilya\/"},"modified":"2022-04-20T01:40:18","modified_gmt":"2022-04-19T22:40:18","slug":"mobilya","status":"publish","type":"product","link":"https:\/\/arentrading.com\/tr\/product\/mobilya\/","title":{"rendered":"Mobilya"},"content":{"rendered":"\n<p>K\u00fcresel ve yerel pazarlarda b\u00fcy\u00fck rekabetin varl\u0131\u011f\u0131na ra\u011fmen, T\u00fcrkiye mobilya ve mobilya ticareti alan\u0131nda h\u0131zl\u0131 bir b\u00fcy\u00fcme sa\u011flamay\u0131 ve benzersiz bir \u00fcne sahip olmay\u0131 ba\u015fard\u0131.<\/p>\n\n\n\n<p><strong>size en<\/strong><strong> <\/strong><strong>Aren Trading<\/strong><strong> <\/strong><strong>iyi mobilya t\u00fcrlerini sunar<\/strong><strong><\/strong><\/p>\n\n\n\n<ul class=\"wp-block-list\"><li>Ev ve ofis mobilyalar\u0131.<\/li><li>Antikalar ve Oryantaller.<\/li><li>Hal\u0131lar ve kilimler.<\/li><li>Spor kul\u00fcb\u00fc malzemeleri.<\/li><\/ul>\n","protected":false},"excerpt":{"rendered":"<p>K\u00fcresel ve yerel pazarlarda b\u00fcy\u00fck rekabetin varl\u0131\u011f\u0131na ra\u011fmen, T\u00fcrkiye mobilya ve mobilya ticareti alan\u0131nda h\u0131zl\u0131 bir b\u00fcy\u00fcme sa\u011flamay\u0131 ve benzersiz bir \u00fcne sahip olmay\u0131 ba\u015fard\u0131. size en Aren Trading iyi mobilya t\u00fcrlerini sunar Ev ve ofis mobilyalar\u0131. Antikalar ve Oryantaller. Hal\u0131lar ve kilimler. Spor kul\u00fcb\u00fc malzemeleri.<\/p>\n","protected":false},"featured_media":9116,"template":"","categories":[],"class_list":["post-9823","product","type-product","status-publish","has-post-thumbnail","hentry"],"_links":{"self":[{"href":"https:\/\/arentrading.com\/tr\/wp-json\/wp\/v2\/product\/9823","targetHints":{"allow":["GET"]}}],"collection":[{"href":"https:\/\/arentrading.com\/tr\/wp-json\/wp\/v2\/product"}],"about":[{"href":"https:\/\/arentrading.com\/tr\/wp-json\/wp\/v2\/types\/product"}],"wp:featuredmedia":[{"embeddable":true,"href":"https:\/\/arentrading.com\/tr\/wp-json\/wp\/v2\/media\/9116"}],"wp:attachment":[{"href":"https:\/\/arentrading.com\/tr\/wp-json\/wp\/v2\/media?parent=9823"}],"wp:term":[{"taxonomy":"category","embeddable":true,"href":"https:\/\/arentrading.com\/tr\/wp-json\/wp\/v2\/categories?post=9823"}],"curies":[{"name":"wp","href":"https:\/\/api.w.org\/{rel}","templated":true}]}}