{"id":9824,"date":"2022-03-19T15:28:48","date_gmt":"2022-03-19T12:28:48","guid":{"rendered":"https:\/\/arentrading.com\/product\/insaat-malzemeleri\/"},"modified":"2022-04-20T01:40:36","modified_gmt":"2022-04-19T22:40:36","slug":"insaat-malzemeleri","status":"publish","type":"product","link":"https:\/\/arentrading.com\/tr\/product\/insaat-malzemeleri\/","title":{"rendered":"\u0130n\u015faat malzemeleri"},"content":{"rendered":"\n<p>T\u00fcrkiye, talebin sadece yerel olarak artmad\u0131\u011f\u0131 Avrupa ve Orta Do\u011fu&#8217;daki bir\u00e7ok \u00fclkeye in\u015faat malzemesi ihracat\u0131nda d\u00fcnyan\u0131n en b\u00fcy\u00fck ihracat\u00e7\u0131lar\u0131ndan biridir. Dolay\u0131s\u0131yla talep art\u0131\u015f\u0131 sadece yerel de\u011fil, d\u0131\u015f ve uluslararas\u0131 pazar\u0131 da kapsamaktad\u0131r.<\/p>\n\n\n\n<p>B\u00fct\u00fcn bunlar, T\u00fcrkiye&#8217;yi bu ticaret i\u00e7in bir merkez ve \u00f6nemli bir ticaret merkezi haline getirdi. \u0130n\u015faat malzemeleri fabrikalar\u0131 da T\u00fcrkiye&#8217;nin \u00e7e\u015fitli \u015fehirlerinde yayg\u0131n olarak bulunmaktad\u0131r.<\/p>\n\n\n\n<p><strong>ucunda <\/strong><strong> <\/strong><strong>Aren Trading <\/strong><strong> <\/strong><strong>parmaklar\u0131n\u0131z\u0131n <\/strong><strong><\/strong><\/p>\n\n\n\n<ul class=\"wp-block-list\"><li>\u0130n\u015faat malzemeleri ve i\u00e7 cephe kaplama malzemeleri ticareti.<\/li><li>mutfak ve banyo malzemeleri.<\/li><\/ul>\n\n\n\n<p>Yol ve bah\u00e7e ekipmanlar\u0131.<\/p>\n","protected":false},"excerpt":{"rendered":"<p>T\u00fcrkiye, talebin sadece yerel olarak artmad\u0131\u011f\u0131 Avrupa ve Orta Do\u011fu&#8217;daki bir\u00e7ok \u00fclkeye in\u015faat malzemesi ihracat\u0131nda d\u00fcnyan\u0131n en b\u00fcy\u00fck ihracat\u00e7\u0131lar\u0131ndan biridir. Dolay\u0131s\u0131yla talep art\u0131\u015f\u0131 sadece yerel de\u011fil, d\u0131\u015f ve uluslararas\u0131 pazar\u0131 da kapsamaktad\u0131r. B\u00fct\u00fcn bunlar, T\u00fcrkiye&#8217;yi bu ticaret i\u00e7in bir merkez ve \u00f6nemli bir ticaret merkezi haline getirdi. \u0130n\u015faat malzemeleri fabrikalar\u0131 da T\u00fcrkiye&#8217;nin \u00e7e\u015fitli \u015fehirlerinde yayg\u0131n [&hellip;]<\/p>\n","protected":false},"featured_media":9113,"template":"","categories":[],"class_list":["post-9824","product","type-product","status-publish","has-post-thumbnail","hentry"],"_links":{"self":[{"href":"https:\/\/arentrading.com\/tr\/wp-json\/wp\/v2\/product\/9824","targetHints":{"allow":["GET"]}}],"collection":[{"href":"https:\/\/arentrading.com\/tr\/wp-json\/wp\/v2\/product"}],"about":[{"href":"https:\/\/arentrading.com\/tr\/wp-json\/wp\/v2\/types\/product"}],"wp:featuredmedia":[{"embeddable":true,"href":"https:\/\/arentrading.com\/tr\/wp-json\/wp\/v2\/media\/9113"}],"wp:attachment":[{"href":"https:\/\/arentrading.com\/tr\/wp-json\/wp\/v2\/media?parent=9824"}],"wp:term":[{"taxonomy":"category","embeddable":true,"href":"https:\/\/arentrading.com\/tr\/wp-json\/wp\/v2\/categories?post=9824"}],"curies":[{"name":"wp","href":"https:\/\/api.w.org\/{rel}","templated":true}]}}